{"id":57,"date":"2015-05-13T14:26:50","date_gmt":"2015-05-13T14:26:50","guid":{"rendered":"http:\/\/orionmna.com\/2016\/?page_id=57"},"modified":"2022-08-13T18:56:15","modified_gmt":"2022-08-13T18:56:15","slug":"about-us","status":"publish","type":"page","link":"https:\/\/orionmna.com\/2016\/about-us\/","title":{"rendered":"ORION M&#038;A"},"content":{"rendered":"<div class=\"fw-page-builder-content\">\n<h1 class=\"fw-special-title\">ORION M&#038;A<\/h1>\n<p> Un conseil M&#038;A sp\u00e9cialis\u00e9 software et Technologie<\/p>\n<p>Orion M&amp;A est n\u00e9e de l\u2019association d\u2019anciens dirigeants d\u2019entreprise de technologie en Europe et aux Etats Unis. Ils souhaitent partager leur exp\u00e9rience avec les dirigeants \u00e0 la recherche de conseils et d\u2019accompagnement concret en mati\u00e8re de strat\u00e9gie de croissance et de sortie.\u00a0Notre focus unique est l\u2019\u00e9dition de logiciel, les m\u00e9tiers IT et le e-commerce.<\/p>\n<p>Sp\u00e9cialistes des op\u00e9rations de Fusion &amp; Acquisition\u00a0pour les avoir pratiqu\u00e9es dans les meilleurs cabinets US comme pour les avoir v\u00e9cues comme dirigeants, nous ne dispersons pas notre effort sur d\u2019autres activit\u00e9s.<\/p>\n<p>ORION M&amp;A\u00a0 est pr\u00e9sent en Europe et aux Etats Unis (C\u00f4te Ouest) refl\u00e9tant ainsi la r\u00e9alit\u00e9 d\u2019un march\u00e9 international et une capacit\u00e9 de recherche la plus pertinente possible.<a name=\"equipe\"><\/a><\/p>\n<p>&nbsp;<\/p>\n<p style=\"text-align: center;\">ORION M&amp;A est une marque commerciale\u00a0 de :<\/p>\n<p style=\"text-align: center;\">\u00a0 \u00a0 \u00a0 Scytale Partners Sarl<\/p>\n<h1 class=\"fw-special-title\">Des seniors exp\u00e9riment\u00e9s<\/h1>\n<p> Comme fondateurs ou dirigeants de soci\u00e9t\u00e9 \u00ab High Tech \u00bb<br \/>\n <img decoding=\"async\" itemprop=\"image\" src=\"https:\/\/orionmna.com\/2016\/wp-content\/uploads\/2016\/02\/jft-lkdn1.png\" alt=\"jft lkdn\" data-maxdpr=\"1.7\" width=\"200\" class=\"lazyload\" \/><img decoding=\"async\" src=\"data:image\/gif;base64,R0lGODlhAQABAIAAAAAAAP\/\/\/yH5BAEAAAAALAAAAAABAAEAAAIBRAA7\" data-sizes=\"auto\" data-srcset=\"https:\/\/orionmna.com\/2016\/wp-content\/uploads\/2016\/02\/jft-lkdn1.png 150w\" alt=\"jft lkdn\" data-maxdpr=\"1.7\" width=\"200\" class=\"lazyload\" \/><\/p>\n<h5>J\u00e9r\u00f4me Fougerat<\/h5>\n<p> Senior Partner<br \/>\n <a target=\"_blank\" href=\"https:\/\/fr.linkedin.com\/in\/orionmna\/fr\"><br \/>\n <img decoding=\"async\" style=\" width: 20px;\" src=\"\/\/orionmna.com\/2016\/wp-content\/uploads\/2016\/03\/logo-lkdn.png\" alt=\"lkdn\" \/> <\/a><\/p>\n<h5 class=\"panel-title\">\n <a class=\"collapsed\" data-toggle=\"collapse\" data-parent=\"#accordion-bc8f64056861fb6265b0181a97a3acab\" href=\"#acc-tab-accordion-bc8f64056861fb6265b0181a97a3acab-1\" aria-expanded=\"false\" aria-controls=\"acc-tab-accordion-bc8f64056861fb6265b0181a97a3acab-1\"><br \/>\n Plus &#8230; <\/a><br \/>\n <\/h5>\n<p class=\"toggle active\">J\u00e9r\u00f4me Fougerat cr\u00e9e ORION M&amp;A \u00a0en 2011.<\/p>\n<p>Il a une quinzaine d\u2019ann\u00e9e d\u2019exp\u00e9rience en tant que dirigeant dans l\u2019industrie du logiciel et comme conseil d\u2019op\u00e9rations fusions et acquisitions \/ haut de bilan.Avant de cr\u00e9er ORION M&amp;A, J\u00e9r\u00f4me est pendant quatre ans directeur r\u00e9gional de Corum Group International, le leader mondial des Fusions &amp; Acquisitions pour les entreprises de technologies. Il conduit des transactions internationales dans des domaines vari\u00e9s du logiciel.La carri\u00e8re d\u2019entrepreneur Software &amp; IT de J\u00e9r\u00f4me d\u00e9marre au milieu des ann\u00e9es 90, lorsqu\u2019il co-cr\u00e9e Solsoft, un \u00e9diteur pour la s\u00e9curit\u00e9 des r\u00e9seaux telcos et des grands groupes industriels et financiers. Pour le d\u00e9veloppement de Solsoft , il l\u00e8ve plus de 20m\u20ac aupr\u00e8s de VCs de premier rang et \u00e9tablit l\u2019entreprise en Californie d\u00e8s 1998.\u00a0 Solsoft vend ses solutions \u00e0 plus de 50 entreprises du Fortune 500.En 2001, il co-cr\u00e9e Tribelt une soci\u00e9t\u00e9 de soci\u00e9t\u00e9 de services informatiques de s\u00e9curit\u00e9 avant de rejoindre fin 2002, NetSecureOne, soci\u00e9t\u00e9 qu\u2019il relance apr\u00e8s avoir fusionn\u00e9 Zencod et NetSecureSoftware.En 2006, il rejoint Delia Systems en qualit\u00e9 de VP Sales and Marketing.J\u00e9r\u00f4me a d\u00e9marr\u00e9 sa carri\u00e8re professionnelle comme journaliste financier \u00e0 Capital Finance dont il sera le r\u00e9dacteur en chef. Il rejoint ensuite l\u2019investisseur Renovaction (une entit\u00e9 d\u2019investissement de Rockefeller Foundation en France.<\/p>\n<p>J\u00e9r\u00f4me est dipl\u00f4m\u00e9 de l\u2019Executive MBA d\u2019HEC. Il est licenci\u00e9 en Histoire et en Anglais.<\/p>\n<p><a class=\"email_link_replace\" href=\"mailto:jeromef@orionmna.com\" rel=\"moc\/anmnoiro\/\/femorej\">jeromef@orionmna.com<\/a><\/p>\n<p> <img decoding=\"async\" itemprop=\"image\" src=\"https:\/\/orionmna.com\/2016\/wp-content\/uploads\/2016\/03\/marshall-LKN.png\" alt=\"marshall LKN\" data-maxdpr=\"1.7\" width=\"200\" class=\"lazyload\" \/><img decoding=\"async\" src=\"data:image\/gif;base64,R0lGODlhAQABAIAAAAAAAP\/\/\/yH5BAEAAAAALAAAAAABAAEAAAIBRAA7\" data-sizes=\"auto\" data-srcset=\"https:\/\/orionmna.com\/2016\/wp-content\/uploads\/2016\/03\/marshall-LKN.png 150w\" alt=\"marshall LKN\" data-maxdpr=\"1.7\" width=\"200\" class=\"lazyload\" \/><\/p>\n<h5>Marshall Warwaruk<\/h5>\n<p> Senior Partner<br \/>\n <a target=\"_blank\" href=\"https:\/\/www.linkedin.com\/in\/marshall-warwaruk-7b95b9\/fr\"><br \/>\n <img decoding=\"async\" style=\" width: 20px;\" src=\"\/\/orionmna.com\/2016\/wp-content\/uploads\/2016\/03\/logo-lkdn.png\" alt=\"Lkdn\" \/> <\/a><\/p>\n<h5 class=\"panel-title\">\n <a class=\"collapsed\" data-toggle=\"collapse\" data-parent=\"#accordion-52e52c87fd24461c65ffeaf0f0137dd8\" href=\"#acc-tab-accordion-52e52c87fd24461c65ffeaf0f0137dd8-1\" aria-expanded=\"false\" aria-controls=\"acc-tab-accordion-52e52c87fd24461c65ffeaf0f0137dd8-1\"><br \/>\n Plus &#8230; <\/a><br \/>\n <\/h5>\n<p>Marshall est Co-fondateur de ORION M&amp;A.<\/p>\n<p>Il a plus de vingt ans d\u2019exp\u00e9rience comme dirigeant d\u2019\u00e9diteurs de logiciel ainsi que directeur marketing et ventes d\u2019\u00e9diteurs aux Etats Unis. Il a une solide exp\u00e9rience du business d\u00e9veloppement, du financement de la croissance et des op\u00e9rations de fusions acquisitions.Avant de cr\u00e9er DMI Consulting Group, soci\u00e9t\u00e9 s\u0153ur de Orion M&amp;A aux US, Marshall Warwaruk est Vice-Pr\u00e9sident op\u00e9rationnel chez Corum Group, le leader mondial des Fusions et Acquisitions pour les \u00e9diteurs de logiciels de taille moyenne non cot\u00e9s et les services IT.Pendant plus de 12 ans, il repr\u00e9sente acqu\u00e9reurs et vendeurs, conduit des processus de n\u00e9gociation et de transactions, intervient \u00e9galement comme conf\u00e9rencier dans de nombreux symposiums professionnels, et publie de nombreux articles de r\u00e9f\u00e9rence sur les tendances du march\u00e9 des fusions et acquisitions et la conduite des transactions strat\u00e9giques dans l\u2019Edition de logiciel et les services IT.Avant de rejoindre l\u2019\u00e9quipe Corum, Marshall passe plus de neuf ans comme directeur du d\u00e9veloppement strat\u00e9gique \u00e0 Sterling Software et Ontrack Data International o\u00f9 il \u00e9tait responsable du d\u00e9veloppement strat\u00e9gique et des acquisitions.<\/p>\n<p><a class=\"email_link_replace\" href=\"mailto:marshallw@orionmna.com\" rel=\"moc\/anmnoiro\/\/wllahsram\">marshallw@orionmna.com<\/a><\/p>\n<p>&nbsp;<\/p>\n<\/div>\n","protected":false},"excerpt":{"rendered":"<p>ORION M&#038;A Un conseil M&#038;A sp\u00e9cialis\u00e9 software et Technologie Orion M&amp;A est n\u00e9e de l\u2019association d\u2019anciens dirigeants d\u2019entreprise de technologie en Europe et aux Etats Unis. Ils souhaitent partager leur exp\u00e9rience avec les dirigeants \u00e0 la recherche de conseils et d\u2019accompagnement concret en mati\u00e8re de strat\u00e9gie de croissance et de sortie.\u00a0Notre focus unique est l\u2019\u00e9dition [&hellip;]<\/p>\n","protected":false},"author":1,"featured_media":0,"parent":0,"menu_order":0,"comment_status":"open","ping_status":"closed","template":"visual-builder-template.php","meta":[],"_links":{"self":[{"href":"https:\/\/orionmna.com\/2016\/wp-json\/wp\/v2\/pages\/57"}],"collection":[{"href":"https:\/\/orionmna.com\/2016\/wp-json\/wp\/v2\/pages"}],"about":[{"href":"https:\/\/orionmna.com\/2016\/wp-json\/wp\/v2\/types\/page"}],"author":[{"embeddable":true,"href":"https:\/\/orionmna.com\/2016\/wp-json\/wp\/v2\/users\/1"}],"replies":[{"embeddable":true,"href":"https:\/\/orionmna.com\/2016\/wp-json\/wp\/v2\/comments?post=57"}],"version-history":[{"count":31,"href":"https:\/\/orionmna.com\/2016\/wp-json\/wp\/v2\/pages\/57\/revisions"}],"predecessor-version":[{"id":3493,"href":"https:\/\/orionmna.com\/2016\/wp-json\/wp\/v2\/pages\/57\/revisions\/3493"}],"wp:attachment":[{"href":"https:\/\/orionmna.com\/2016\/wp-json\/wp\/v2\/media?parent=57"}],"curies":[{"name":"wp","href":"https:\/\/api.w.org\/{rel}","templated":true}]}}