{"id":3419,"date":"2019-04-15T14:36:09","date_gmt":"2019-04-15T14:36:09","guid":{"rendered":"http:\/\/orionmna.com\/2016\/?page_id=3419"},"modified":"2019-04-15T19:15:53","modified_gmt":"2019-04-15T19:15:53","slug":"evaluez-votre-valeur","status":"publish","type":"page","link":"https:\/\/orionmna.com\/2016\/evaluez-votre-valeur\/","title":{"rendered":"Evaluez votre valeur"},"content":{"rendered":"<div class=\"fw-page-builder-content\">\n<h1 class=\"fw-special-title\">Evaluez votre valeur <\/h1>\n<p class=\"fw-special-title\">\u00a0Avant d\u2019aller sur le march\u00e9, il est fondamental pour un vendeur de bien conna\u00eetre ses forces, ses faiblesses. A partir de cette analyse, nous allons tenter de d\u00e9terminer le type de valorisation et le profil des acheteurs potentiels.<\/p>\n<h3>Une grille d\u2019analyse \u2013 Le \u00ab\u00a0Carr\u00e9 ORION\u00a0\u00bb<\/h3>\n<p>Pour savoir si votre valorisation sera potentiellement \u00e9lev\u00e9e ou faible, nous vous proposons de vous situer par rapport au \u00ab\u00a0Carr\u00e9 ORION\u00a0\u00bb.<\/p>\n<p>Pour cela\u00a0il suffit de r\u00e9pondre aux questions situ\u00e9es sur la grille de gauche ci dessous.<\/p>\n<p>Une Boule bleue apparaitra sur le graphique pour indiquer votre position.<\/p>\n<p>&nbsp;<\/p>\n<h3>Analyse des r\u00e9sultats<\/h3>\n<p>Suivant dans quelle zone du carr\u00e9 vous vous trouvez la situation sera diff\u00e9rente\u00a0:<\/p>\n<h4>1 -Zone Blanche (moins de 3\/5 sur les deux axes)<\/h4>\n<p>Vous avez peu d&rsquo;attraits technologiques et votre position march\u00e9 est moyenne. Vous avez peu de chance de r\u00e9ussir une bonne sortie. Vous pourrez faire une cession dans des conditions moyennes. Il faut certainement envisager un plan d\u2019action pour pr\u00e9senter plus d\u2019attraits.<\/p>\n<p>Valorisation 0,3 \u00e0 0,5 fois votre CA Annuel<\/p>\n<h4>2- Avantage Produit ou service<\/h4>\n<p>Vous avez un avantage technologique et de savoir faire identifi\u00e9 mais il ne s&rsquo;est pas (encore ?) transform\u00e9 en avantage march\u00e9.Votre valeur \u00e9conomique est faible mais votre valeur strat\u00e9gique peut \u00eatre \u00e9lev\u00e9e.<\/p>\n<p>Vous int\u00e9ressez les acheteurs qui ont une motivation de rupture technologique ou d\u2019extension de savoir faire.<\/p>\n<p>Valorisation 0,5 \u00e0 10 fois votre CA Annuel<\/p>\n<h4>3- Position march\u00e9 \u00e9tablie<\/h4>\n<p>Vous avez conquis une position march\u00e9 enviable avec peu de technologie.<\/p>\n<p>Vous int\u00e9ressez les acheteurs qui recherchent un effet de levier sur leur pr\u00e9sence march\u00e9\u00a0: extension g\u00e9ographique ou compl\u00e9mentarit\u00e9.<\/p>\n<p>Valorisation 0,6 \u00e0 1,2 fois votre CA Annuel<\/p>\n<h4>4- Leader confirm\u00e9<\/h4>\n<p>Vous avez conquis une position march\u00e9e enviable en vous appuyant sur un business mod\u00e8le ad\u00e9quat avec un avantage technologique.Vous int\u00e9ressez des acheteurs ayant les moyens (car votre valeur est \u00e9lev\u00e9e) qui recherchent une extension de chiffre d\u2019affaires et de cash flow, voire des investisseurs financiers qui voient en vous une valeur d\u2019avenir.<\/p>\n<p>Valorisation 0,9 \u00e0 3 fois votre CA Annuel<\/p>\n<h4>Pour m\u00e9moire\u00a0:<\/h4>\n<p>Les indications de valorisation donn\u00e9es ici sont une appr\u00e9ciation\u00a0 globale et\u00a0 purement indicative.<\/p>\n<p>La valorisation d\u2019une op\u00e9ration d\u00e9coule d\u2019un \u00e9quilibre entre ce que recherche le march\u00e9 des acqu\u00e9reurs et les attentes des vendeurs<\/p>\n<\/div>\n","protected":false},"excerpt":{"rendered":"<p>Evaluez votre valeur \u00a0Avant d\u2019aller sur le march\u00e9, il est fondamental pour un vendeur de bien conna\u00eetre ses forces, ses faiblesses. A partir de cette analyse, nous allons tenter de d\u00e9terminer le type de valorisation et le profil des acheteurs potentiels. Une grille d\u2019analyse \u2013 Le \u00ab\u00a0Carr\u00e9 ORION\u00a0\u00bb Pour savoir si votre valorisation sera potentiellement [&hellip;]<\/p>\n","protected":false},"author":1,"featured_media":0,"parent":0,"menu_order":0,"comment_status":"closed","ping_status":"closed","template":"visual-builder-template.php","meta":[],"_links":{"self":[{"href":"https:\/\/orionmna.com\/2016\/wp-json\/wp\/v2\/pages\/3419"}],"collection":[{"href":"https:\/\/orionmna.com\/2016\/wp-json\/wp\/v2\/pages"}],"about":[{"href":"https:\/\/orionmna.com\/2016\/wp-json\/wp\/v2\/types\/page"}],"author":[{"embeddable":true,"href":"https:\/\/orionmna.com\/2016\/wp-json\/wp\/v2\/users\/1"}],"replies":[{"embeddable":true,"href":"https:\/\/orionmna.com\/2016\/wp-json\/wp\/v2\/comments?post=3419"}],"version-history":[{"count":31,"href":"https:\/\/orionmna.com\/2016\/wp-json\/wp\/v2\/pages\/3419\/revisions"}],"predecessor-version":[{"id":3454,"href":"https:\/\/orionmna.com\/2016\/wp-json\/wp\/v2\/pages\/3419\/revisions\/3454"}],"wp:attachment":[{"href":"https:\/\/orionmna.com\/2016\/wp-json\/wp\/v2\/media?parent=3419"}],"curies":[{"name":"wp","href":"https:\/\/api.w.org\/{rel}","templated":true}]}}