{"id":15,"date":"2019-05-11T13:42:37","date_gmt":"2019-05-11T13:42:37","guid":{"rendered":"http:\/\/orionmna.com\/2016\/?page_id=15"},"modified":"2022-08-13T18:58:18","modified_gmt":"2022-08-13T18:58:18","slug":"accueil","status":"publish","type":"page","link":"https:\/\/orionmna.com\/2016\/","title":{"rendered":"Accueil"},"content":{"rendered":"<div class=\"fw-page-builder-content\"><img decoding=\"async\" loading=\"lazy\" src=\"https:\/\/orionmna.com\/2016\/wp-content\/plugins\/revslider\/admin\/assets\/images\/dummy.png\" alt=\"\" title=\"signature\" width=\"830\" height=\"577\" data-lazyload=\"https:\/\/orionmna.com\/2016\/wp-content\/uploads\/2016\/03\/signature-.jpg\" data-bgposition=\"center center\" data-bgfit=\"cover\" data-bgrepeat=\"no-repeat\" class=\"rev-slidebg\" data-no-retina><br \/>\n Maximiser la Valeur<br \/>\n Orion M&#038;A vous accompagne pour maximiser la valeur de la transaction et optimiser sa structure<br \/>\n <img decoding=\"async\" loading=\"lazy\" src=\"https:\/\/orionmna.com\/2016\/wp-content\/plugins\/revslider\/admin\/assets\/images\/dummy.png\" alt=\"\" title=\"business process\" width=\"1859\" height=\"1010\" data-lazyload=\"https:\/\/orionmna.com\/2016\/wp-content\/uploads\/2016\/03\/business-process.jpg\" data-bgposition=\"center right\" data-bgfit=\"cover\" data-bgrepeat=\"no-repeat\" class=\"rev-slidebg\" data-no-retina><br \/>\n Un processus ma\u00eetris\u00e9<br \/>\n Orion M&#038;A s&rsquo;appuie sur une m\u00e9thodologie \u00ab\u00a0end to end\u00a0\u00bb fond\u00e9e sur 20 ans d&rsquo;exp\u00e9rience en M&#038;A<br \/>\n <img decoding=\"async\" loading=\"lazy\" src=\"https:\/\/orionmna.com\/2016\/wp-content\/plugins\/revslider\/admin\/assets\/images\/dummy.png\" alt=\"\" title=\"monde haut\" width=\"1579\" height=\"623\" data-lazyload=\"https:\/\/orionmna.com\/2016\/wp-content\/uploads\/2016\/03\/monde-haut.jpg\" data-bgposition=\"center center\" data-bgfit=\"cover\" data-bgrepeat=\"no-repeat\" class=\"rev-slidebg\" data-no-retina><br \/>\n Un conseil sp\u00e9cialis\u00e9<br \/>\n Orion M&#038;A se focalise sur la croissance par acquisition et le rapprochement strat\u00e9gique des entreprises :<br \/>\nSoftware, IT et E-commerce.<br \/>\n.tp-caption.largetext-custom-6,.largetext-custom-6{font-size:40px;line-height:40px;font-weight:300;font-family:\u00a0\u00bbPlayfair Display\u00a0\u00bb;color:rgb(243,243,243);font-style:italic;text-decoration:none;background-color:transparent;border-width:0px;border-color:rgb(255,255,255);border-style:none;text-shadow:none;white-space:nowrap}.tp-caption.largetext-custom-11,.largetext-custom-11{font-size:44px;line-height:40px;font-weight:300;font-family:\u00a0\u00bbPlayfair Display\u00a0\u00bb;color:rgb(242,242,242);font-style:italic;text-decoration:none;background-color:transparent;border-width:0px;border-color:rgb(255,255,255);border-style:none;text-shadow:none;white-space:nowrap}.tp-caption.largetext-custom-lato,.largetext-custom-lato{font-size:16px;line-height:25px;font-weight:300;font-family:\u00a0\u00bbLato\u00a0\u00bb;color:rgb(243,243,243);text-decoration:none;background-color:transparent;border-width:0px;border-color:rgb(255,255,255);border-style:none;text-shadow:0px 2px 5px rgba(0,0,0,0.5);white-space:nowrap}.tp-caption.largetext-custom-12,.largetext-custom-12{font-size:24px;line-height:40px;font-weight:300;font-family:\u00a0\u00bbLato\u00a0\u00bb;color:rgb(242,242,242);text-decoration:none;background-color:transparent;border-width:0px;border-color:rgb(255,255,255);border-style:none;text-shadow:0px 2px 5px rgba(0,0,0,0.5);white-space:nowrap}<br \/>\n \/******************************************<br \/>\n &#8211; PREPARE PLACEHOLDER FOR SLIDER &#8211;<br \/>\n ******************************************\/<br \/>\n var setREVStartSize=function(){<br \/>\n try{var e=new Object,i=jQuery(window).width(),t=9999,r=0,n=0,l=0,f=0,s=0,h=0;<br \/>\n e.c = jQuery(&lsquo;#rev_slider_1_1&rsquo;);<br \/>\n e.responsiveLevels = [1240,1024,778,480];<br \/>\n e.gridwidth = [960,1024,768,480];<br \/>\n e.gridheight = [400,400,400,400];<br \/>\n e.sliderLayout = \u00ab\u00a0auto\u00a0\u00bb;<br \/>\n if(e.responsiveLevels&#038;&#038;(jQuery.each(e.responsiveLevels,function(e,f){f>i&#038;&#038;(t=r=f,l=e),i>f&#038;&#038;f>r&#038;&#038;(r=f,n=e)}),t>r&#038;&#038;(l=n)),f=e.gridheight[l]||e.gridheight[0]||e.gridheight,s=e.gridwidth[l]||e.gridwidth[0]||e.gridwidth,h=i\/s,h=h>1?1:h,f=Math.round(h*f),\u00a0\u00bbfullscreen\u00a0\u00bb==e.sliderLayout){var u=(e.c.width(),jQuery(window).height());if(void 0!=e.fullScreenOffsetContainer){var c=e.fullScreenOffsetContainer.split(\u00ab\u00a0,\u00a0\u00bb);if (c) jQuery.each(c,function(e,i){u=jQuery(i).length>0?u-jQuery(i).outerHeight(!0):u}),e.fullScreenOffset.split(\u00ab\u00a0%\u00a0\u00bb).length>1&#038;&#038;void 0!=e.fullScreenOffset&#038;&#038;e.fullScreenOffset.length>0?u-=jQuery(window).height()*parseInt(e.fullScreenOffset,0)\/100:void 0!=e.fullScreenOffset&#038;&#038;e.fullScreenOffset.length>0&#038;&#038;(u-=parseInt(e.fullScreenOffset,0))}f=u}else void 0!=e.minHeight&#038;&#038;f<br \/>\n <a href=\"https:\/\/orionmna.com\/2016\/?page_id=314\" target=\"_self\" class=\"fw-btn tf-sh-4dabbd22ccc64147ddd90044e011cd19 fw-btn-md fw-animated-element fw-btn-2\" data-animation-type=\"fadeInLeftBig\" data-animation-delay=\"200\" style=\"\"><br \/>\n Plus d&rsquo;op\u00e9rations&#8230;<br \/>\n <\/a><\/p>\n<h3 class=\"fw-special-title\">L &lsquo;Equipe<\/h3>\n<p> Des dirigeants op\u00e9rationnels, pragmatiques et impliqu\u00e8s<br \/>\n <img decoding=\"async\" itemprop=\"image\" src=\"https:\/\/orionmna.com\/2016\/wp-content\/uploads\/2016\/02\/jft-lkdn1.png\" alt=\"jft lkdn\" data-maxdpr=\"1.7\" width=\"200\" class=\"lazyload\" \/><img decoding=\"async\" src=\"data:image\/gif;base64,R0lGODlhAQABAIAAAAAAAP\/\/\/yH5BAEAAAAALAAAAAABAAEAAAIBRAA7\" data-sizes=\"auto\" data-srcset=\"https:\/\/orionmna.com\/2016\/wp-content\/uploads\/2016\/02\/jft-lkdn1.png 150w\" alt=\"jft lkdn\" data-maxdpr=\"1.7\" width=\"200\" class=\"lazyload\" \/><\/p>\n<h5>J\u00e9r\u00f4me Fougerat<\/h5>\n<p> Senior Partner<br \/>\n <a href=\"https:\/\/orionmna.com\/2016\/?page_id=57\" target=\"_self\" class=\"fw-btn tf-sh-96d4cf6439ab71214c3e6e4879a38db3 fw-btn-md fw-animated-element fw-btn-2\" data-animation-type=\"fadeInLeftBig\" data-animation-delay=\"200\" style=\"\"><br \/>\n Plus de d\u00e9tails sur l&rsquo;equipe..<br \/>\n <\/a><br \/>\n <img decoding=\"async\" itemprop=\"image\" src=\"https:\/\/orionmna.com\/2016\/wp-content\/uploads\/2016\/03\/marshall-LKN.png\" alt=\"marshall LKN\" data-maxdpr=\"1.7\" width=\"200\" class=\"lazyload\" \/><img decoding=\"async\" src=\"data:image\/gif;base64,R0lGODlhAQABAIAAAAAAAP\/\/\/yH5BAEAAAAALAAAAAABAAEAAAIBRAA7\" data-sizes=\"auto\" data-srcset=\"https:\/\/orionmna.com\/2016\/wp-content\/uploads\/2016\/03\/marshall-LKN.png 150w\" alt=\"marshall LKN\" data-maxdpr=\"1.7\" width=\"200\" class=\"lazyload\" \/><\/p>\n<h5>Marshall Warwaruk<\/h5>\n<p> Senior Partner<\/p>\n<h3 class=\"fw-special-title\">Quelques articles de notre blog..<\/h3>\n<p> Des \u00e9l\u00e9ments de r\u00e9ponses pour vos questions<br \/>\n <a href=\"https:\/\/orionmna.com\/2016\/comment-trouver-le-meilleur-acheteur\/\" class=\"post-thumbnail fw-block-image-child fw-ratio-1 fw-ratio-container\"><br \/>\n <img decoding=\"async\" itemprop=\"image\" src=\"https:\/\/orionmna.com\/2016\/wp-content\/uploads\/2015\/02\/partenaires-1-.jpg\" alt=\"partenaires-1-\" data-maxdpr=\"1.7\" class=\"attachment-post-thumbnail lazyload\" \/><img decoding=\"async\" src=\"data:image\/gif;base64,R0lGODlhAQABAIAAAAAAAP\/\/\/yH5BAEAAAAALAAAAAABAAEAAAIBRAA7\" data-sizes=\"auto\" data-srcset=\"https:\/\/orionmna.com\/2016\/wp-content\/uploads\/2015\/02\/partenaires-1--150x150.jpg 150w, https:\/\/orionmna.com\/2016\/wp-content\/uploads\/2015\/02\/partenaires-1--300x300.jpg 300w\" alt=\"partenaires-1-\" data-maxdpr=\"1.7\" class=\"attachment-post-thumbnail lazyload\" \/><br \/>\n <\/a><br \/>\n <a rel=\"bookmark\" href=\"https:\/\/orionmna.com\/2016\/comment-trouver-le-meilleur-acheteur\/\"><br \/>\n 2 avril 2015<br \/>\n <\/a><br \/>\n &nbsp;|&nbsp;<br \/>\n By <a href=\"https:\/\/orionmna.com\/2016\/author\/orion_2016\/\" title=\"Articles par Yvon C\" rel=\"author\">Yvon C<\/a><br \/>\n &nbsp;|&nbsp;<br \/>\n In <a href=\"https:\/\/orionmna.com\/2016\/category\/blog\/\" rel=\"tag\">Blog<\/a>, <a href=\"https:\/\/orionmna.com\/2016\/category\/blog\/comment\/\" rel=\"tag\">Comment<\/a>, <a href=\"https:\/\/orionmna.com\/2016\/category\/en-avant\/\" rel=\"tag\">En avant<\/a>, <a href=\"https:\/\/orionmna.com\/2016\/category\/export\/\" rel=\"tag\">export<\/a><\/p>\n<h2 class=\"entry-title\" itemprop=\"headline\">\n <a href=\"https:\/\/orionmna.com\/2016\/comment-trouver-le-meilleur-acheteur\/\">Comment trouver le meilleur acheteur ?<\/a><br \/>\n <\/h2>\n<p>Cet article est le premier d&rsquo;une s\u00e9rie d&rsquo;articles sur le th\u00e8me : &laquo;&nbsp;comment et o\u00f9 trouver le meilleur acheteur&nbsp;&raquo; .<br \/>\nIl ne s&rsquo;agit pas d&rsquo;une baguette magique infaillible mais plut\u00f4t d&rsquo;une m\u00e9thode de travail . <\/p>\n<p> <a href=\"https:\/\/orionmna.com\/2016\/comment-trouver-le-meilleur-acheteur\/\" class=\"fw-btn-post-read-more-blog fw-btn fw-btn-md fw-btn-1\" style=\"\"><br \/>\n Read More<br \/>\n <\/a><br \/>\n <a href=\"https:\/\/orionmna.com\/2016\/comment-trouver-le-meilleur-acheteur\/#comments\" class=\"comments-link fw-comment-link-type-1\">0<\/a><br \/>\n <a href=\"https:\/\/orionmna.com\/2016\/evaluez-votre-valeur\/\" class=\"post-thumbnail fw-block-image-child fw-ratio-1 fw-ratio-container\"><br \/>\n <img decoding=\"async\" itemprop=\"image\" src=\"https:\/\/orionmna.com\/2016\/wp-content\/uploads\/2014\/12\/Q4-B.png\" alt=\"Q4 -B\" data-maxdpr=\"1.7\" class=\"attachment-post-thumbnail lazyload\" \/><img decoding=\"async\" src=\"data:image\/gif;base64,R0lGODlhAQABAIAAAAAAAP\/\/\/yH5BAEAAAAALAAAAAABAAEAAAIBRAA7\" data-sizes=\"auto\" data-srcset=\"https:\/\/orionmna.com\/2016\/wp-content\/uploads\/2014\/12\/Q4-B-150x150.png 150w, https:\/\/orionmna.com\/2016\/wp-content\/uploads\/2014\/12\/Q4-B-800x800.png 800w, https:\/\/orionmna.com\/2016\/wp-content\/uploads\/2014\/12\/Q4-B-300x300.png 300w\" alt=\"Q4 -B\" data-maxdpr=\"1.7\" class=\"attachment-post-thumbnail lazyload\" \/><br \/>\n <\/a><br \/>\n <a rel=\"bookmark\" href=\"https:\/\/orionmna.com\/2016\/evaluez-votre-valeur\/\"><br \/>\n 6 d\u00e9cembre 2014<br \/>\n <\/a><br \/>\n &nbsp;|&nbsp;<br \/>\n By <a href=\"https:\/\/orionmna.com\/2016\/author\/orion_2016\/\" title=\"Articles par Yvon C\" rel=\"author\">Yvon C<\/a><br \/>\n &nbsp;|&nbsp;<br \/>\n In <a href=\"https:\/\/orionmna.com\/2016\/category\/blog\/\" rel=\"tag\">Blog<\/a>, <a href=\"https:\/\/orionmna.com\/2016\/category\/blog\/combien\/\" rel=\"tag\">Combien<\/a>, <a href=\"https:\/\/orionmna.com\/2016\/category\/en-avant\/\" rel=\"tag\">En avant<\/a>, <a href=\"https:\/\/orionmna.com\/2016\/category\/blog\/evaluer\/\" rel=\"tag\">evaluer<\/a><\/p>\n<h2 class=\"entry-title\" itemprop=\"headline\">\n <a href=\"https:\/\/orionmna.com\/2016\/evaluez-votre-valeur\/\">Evaluez votre valeur pour un acqu\u00e9reur<\/a><br \/>\n <\/h2>\n<p>Pour \u00e9valuer la valeur de votre soci\u00e9t\u00e9 pour un acqu\u00e9reur, vous allez fournir des informations qui permettent d&rsquo;\u00e9valuer l&rsquo;attrait que vous repr\u00e9senter pour un acheteur potentiel<br \/>\n&#8211; la qualit\u00e9 de l&rsquo;offre produit\/service<br \/>\n&#8211; les performances business\/march\u00e9 de votre offre.<br \/>\nIl s&rsquo;agit bien entendu d&rsquo;une appr\u00e9ciation globale et purement indicative.<\/p>\n<p> <a href=\"https:\/\/orionmna.com\/2016\/evaluez-votre-valeur\/\" class=\"fw-btn-post-read-more-blog fw-btn fw-btn-md fw-btn-1\" style=\"\"><br \/>\n Read More<br \/>\n <\/a><br \/>\n <a href=\"https:\/\/orionmna.com\/2016\/evaluez-votre-valeur\/#comments\" class=\"comments-link fw-comment-link-type-1\">0<\/a><br \/>\n <a href=\"https:\/\/orionmna.com\/2016\/est-ce-le-bon-moment-pour-vendre\/\" class=\"post-thumbnail fw-block-image-child fw-ratio-1 fw-ratio-container\"><br \/>\n <img decoding=\"async\" itemprop=\"image\" src=\"https:\/\/orionmna.com\/2016\/wp-content\/uploads\/2014\/09\/Cycledevie-e1411334956192.png\" alt=\"Cycledevie-e1411334956192\" data-maxdpr=\"1.7\" class=\"attachment-post-thumbnail lazyload\" \/><img decoding=\"async\" src=\"data:image\/gif;base64,R0lGODlhAQABAIAAAAAAAP\/\/\/yH5BAEAAAAALAAAAAABAAEAAAIBRAA7\" data-sizes=\"auto\" data-srcset=\"https:\/\/orionmna.com\/2016\/wp-content\/uploads\/2014\/09\/Cycledevie-e1411334956192-150x150.png 150w, https:\/\/orionmna.com\/2016\/wp-content\/uploads\/2014\/09\/Cycledevie-e1411334956192-300x300.png 300w\" alt=\"Cycledevie-e1411334956192\" data-maxdpr=\"1.7\" class=\"attachment-post-thumbnail lazyload\" \/><br \/>\n <\/a><br \/>\n <a rel=\"bookmark\" href=\"https:\/\/orionmna.com\/2016\/est-ce-le-bon-moment-pour-vendre\/\"><br \/>\n 11 septembre 2014<br \/>\n <\/a><br \/>\n &nbsp;|&nbsp;<br \/>\n By <a href=\"https:\/\/orionmna.com\/2016\/author\/marshall-warwaruk\/\" title=\"Articles par Marshall W\" rel=\"author\">Marshall W<\/a><br \/>\n &nbsp;|&nbsp;<br \/>\n In <a href=\"https:\/\/orionmna.com\/2016\/category\/blog\/\" rel=\"tag\">Blog<\/a>, <a href=\"https:\/\/orionmna.com\/2016\/category\/blog\/combien\/\" rel=\"tag\">Combien<\/a>, <a href=\"https:\/\/orionmna.com\/2016\/category\/blog\/comment\/\" rel=\"tag\">Comment<\/a>, <a href=\"https:\/\/orionmna.com\/2016\/category\/en-avant\/\" rel=\"tag\">En avant<\/a>, <a href=\"https:\/\/orionmna.com\/2016\/category\/blog\/quand\/\" rel=\"tag\">Quand<\/a><\/p>\n<h2 class=\"entry-title\" itemprop=\"headline\">\n <a href=\"https:\/\/orionmna.com\/2016\/est-ce-le-bon-moment-pour-vendre\/\">Est ce le bon moment pour vendre ?<\/a><br \/>\n <\/h2>\n<p>Trois facteurs principaux permettent de r\u00e9pondre \u00e0 la question: \u201cest-ce le bon moment pour vendre\u201d :<br \/>\n&#8211; Les fondamentaux op\u00e9rationnels,<br \/>\n&#8211; Les conditions de march\u00e9,<br \/>\n&#8211; et votre position dans le cycle de vie des produits.<\/p>\n<p> <a href=\"https:\/\/orionmna.com\/2016\/est-ce-le-bon-moment-pour-vendre\/\" class=\"fw-btn-post-read-more-blog fw-btn fw-btn-md fw-btn-1\" style=\"\"><br \/>\n Read More<br \/>\n <\/a><br \/>\n <a href=\"https:\/\/orionmna.com\/2016\/est-ce-le-bon-moment-pour-vendre\/#comments\" class=\"comments-link fw-comment-link-type-1\">0<\/a><br \/>\n <a href=\"https:\/\/orionmna.com\/2016\/?page_id=2827\" target=\"_self\" class=\"fw-btn tf-sh-28997e126f401c7dacdf84c853400e91 fw-btn-md fw-animated-element fw-btn-2\" data-animation-type=\"fadeInLeftBig\" data-animation-delay=\"200\" style=\"\"><br \/>\n Voir tous les Blogs<br \/>\n <\/a><\/p>\n<p><a href=\"\/2016\/wp-login.php\">&#8211;<\/a><\/p>\n<\/div>\n","protected":false},"excerpt":{"rendered":"<p>Maximiser la Valeur Orion M&#038;A vous accompagne pour maximiser la valeur de la transaction et optimiser sa structure Un processus ma\u00eetris\u00e9 Orion M&#038;A s&rsquo;appuie sur une m\u00e9thodologie \u00ab\u00a0end to end\u00a0\u00bb fond\u00e9e sur 20 ans d&rsquo;exp\u00e9rience en M&#038;A Un conseil sp\u00e9cialis\u00e9 Orion M&#038;A se focalise sur la croissance par acquisition et le rapprochement strat\u00e9gique des entreprises [&hellip;]<\/p>\n","protected":false},"author":1,"featured_media":0,"parent":0,"menu_order":0,"comment_status":"open","ping_status":"closed","template":"visual-builder-template.php","meta":[],"_links":{"self":[{"href":"https:\/\/orionmna.com\/2016\/wp-json\/wp\/v2\/pages\/15"}],"collection":[{"href":"https:\/\/orionmna.com\/2016\/wp-json\/wp\/v2\/pages"}],"about":[{"href":"https:\/\/orionmna.com\/2016\/wp-json\/wp\/v2\/types\/page"}],"author":[{"embeddable":true,"href":"https:\/\/orionmna.com\/2016\/wp-json\/wp\/v2\/users\/1"}],"replies":[{"embeddable":true,"href":"https:\/\/orionmna.com\/2016\/wp-json\/wp\/v2\/comments?post=15"}],"version-history":[{"count":53,"href":"https:\/\/orionmna.com\/2016\/wp-json\/wp\/v2\/pages\/15\/revisions"}],"predecessor-version":[{"id":3495,"href":"https:\/\/orionmna.com\/2016\/wp-json\/wp\/v2\/pages\/15\/revisions\/3495"}],"wp:attachment":[{"href":"https:\/\/orionmna.com\/2016\/wp-json\/wp\/v2\/media?parent=15"}],"curies":[{"name":"wp","href":"https:\/\/api.w.org\/{rel}","templated":true}]}}